{"id":7605,"date":"2020-06-23T23:21:47","date_gmt":"2020-06-23T23:21:47","guid":{"rendered":"https:\/\/pre.kerrygold.ca\/?page_id=7605"},"modified":"2020-06-23T23:33:10","modified_gmt":"2020-06-23T23:33:10","slug":"politique-de-confidentialite","status":"publish","type":"page","link":"https:\/\/pre.kerrygold.ca\/fr\/politique-de-confidentialite\/","title":{"rendered":"POLITIQUE DE CONFIDENTIALIT\u00c9"},"content":{"rendered":"\n\n\n\n\n<p><strong>D\u00e9claration de confidentialit\u00e9<\/strong><\/p>\n\n\n\n<p><strong>Objet de la d\u00e9claration de confidentialit\u00e9<\/strong><\/p>\n\n\n\n<p>Ornua Co-operative Limited et ses filiales (\u00ab\u2009Ornua\u2009\u00bb, \u00ab\u2009nous\u2009\u00bb et \u00ab\u2009notre\u2009\u00bb) respectent votre droit \u00e0 la vie priv\u00e9e en ce qui concerne votre utilisation de notre site web, des pages officielles des m\u00e9dias sociaux que nous contr\u00f4lons et de toute autre forme de communication \u00e9lectronique que nous utilisons pour communiquer avec vous (ensemble les \u00ab\u2009Sites\u2009\u00bb). La pr\u00e9sente d\u00e9claration de confidentialit\u00e9 d\u00e9finit la mani\u00e8re dont nous prot\u00e9geons les informations que vous nous divulguez ou que nous pouvons recueillir par le biais des Sites. Toute information personnelle que vous fournissez volontairement \u00e0 Ornua sera trait\u00e9e conform\u00e9ment \u00e0 la pr\u00e9sente d\u00e9claration et aux termes de toutes les lois applicables qui peuvent \u00eatre adopt\u00e9es de temps \u00e0 autre dans votre pays de r\u00e9sidence.<\/p>\n\n\n\n<p><strong>Votre consentement \u00e0 la pr\u00e9sente d\u00e9claration de confidentialit\u00e9<\/strong><\/p>\n\n\n\n<p>Veuillez lire attentivement cette d\u00e9claration afin de comprendre nos pratiques concernant vos informations personnelles et la mani\u00e8re dont nous les traitons. Si vous ne lisez pas ou si vous \u00eates en d\u00e9saccord avec un aspect quelconque de cette d\u00e9claration, vous ne devez pas utiliser les Sites. En visitant les Sites et en continuant \u00e0 les utiliser, vous acceptez et consentez aux pratiques d\u00e9crites dans la pr\u00e9sente d\u00e9claration. Veuillez \u00e9galement consulter nos conditions d\u2019utilisation qui r\u00e9gissent \u00e9galement votre utilisation des Sites.<\/p>\n\n\n\n<p><strong>Collecte et utilisation de vos informations personnelles<\/strong><\/p>\n\n\n\n<p>Lorsque vous utilisez les Sites, vous pouvez avoir la possibilit\u00e9 de nous fournir des informations personnelles qui peuvent vous identifier, telles que votre nom, votre adresse \u00e9lectronique, votre adresse personnelle, votre num\u00e9ro de t\u00e9l\u00e9phone, l\u2019identifiant de votre compte sur les m\u00e9dias sociaux, etc. Cela comprend, par exemple, les informations que vous fournissez lorsque vous participez \u00e0 des fonctions de m\u00e9dias sociaux sur un site, lorsque vous participez \u00e0 un concours, une promotion ou une enqu\u00eate, lorsque vous remplissez un formulaire ou signalez un probl\u00e8me sur un site.<\/p>\n\n\n\n<p>Veuillez ne pas nous divulguer des informations personnelles sensibles via un Site, telles que des informations relatives \u00e0 votre origine raciale ou ethnique, vos opinions politiques, vos croyances religieuses ou autres, votre sant\u00e9 physique ou mentale, vos ant\u00e9c\u00e9dents criminels, etc.<\/p>\n\n\n\n<p>Les informations personnelles que nous recueillons aupr\u00e8s de vous ne seront utilis\u00e9es qu\u2019aux fins pour lesquelles vous les avez fournies. Nous pouvons utiliser vos informations pour les raisons suivantes :<\/p>\n\n\n\n<ul class=\"wp-block-list\"><li>\u00e0 des fins d\u2019archivage interne\u2009;<\/li><li>pour r\u00e9pondre \u00e0 vos questions et commentaires\u2009;<\/li><li>pour vous fournir des informations et des mises \u00e0 jour concernant&nbsp;<\/li><li>nos activit\u00e9s, produits et services\u2009;<\/li><li>pour vous permettre de participer \u00e0 la promotion et au marketing&nbsp;<\/li><li>et pour affiner nos strat\u00e9gies marketing\u2009;<\/li><li>pour vous permettre de participer \u00e0 nos activit\u00e9s et forums de m\u00e9dias sociaux et autres fonctionnalit\u00e9s interactives d\u2019un site\u2009;<\/li><li>pour nos objectifs commerciaux, tels que l\u2019am\u00e9lioration de la pr\u00e9sentation, du contenu et de l\u2019administration de nos Sites, le d\u00e9veloppement de nos activit\u00e9s, produits et services, la r\u00e9alisation d\u2019\u00e9tudes de march\u00e9, la fourniture d\u2019un service client\u00e8le, etc.<\/li><li>pour remplir nos obligations d\u00e9coulant de tout contrat conclu entre vous et nous.<\/li><\/ul>\n\n\n\n<p>Nous ne d\u00e9tenons pas plus d\u2019informations que ce qui est n\u00e9cessaire aux fins pour lesquelles nous les collectons. Nous ne recueillons ni ne conservons vos informations personnelles plus longtemps que n\u00e9cessaire pour les besoins pour lesquels elles ont \u00e9t\u00e9 collect\u00e9es ou comme l\u2019exige la loi.<\/p>\n\n\n\n<p><strong>Droit d\u2019acc\u00e8s, de rectification et d\u2019effacement<\/strong><\/p>\n\n\n\n<p>Si, \u00e0 tout moment apr\u00e8s nous avoir communiqu\u00e9 des informations personnelles, vous d\u00e9cidez que vous souhaitez obtenir une copie de ces informations ou que vous ne souhaitez plus que nous les d\u00e9tenions ou les utilisions, ou si ces informations deviennent obsol\u00e8tes ou inexactes, vous \u00eates libre de nous en informer par \u00e9crit \u00e0 l\u2019adresse indiqu\u00e9e ci-dessous. Vous devez inclure tout identifiant personnel que vous avez fourni pr\u00e9c\u00e9demment via les Sites (par exemple, nom, adresse, num\u00e9ro de t\u00e9l\u00e9phone, adresse \u00e9lectronique, identifiant du compte de m\u00e9dia social). Nous nous efforcerons de vous fournir rapidement une copie des informations ou de supprimer ou de rectifier les informations (pour lesquelles nous pouvons facturer des frais minimes).<\/p>\n\n\n\n<p><strong>Divulgation d\u2019informations personnelles \u00e0 des tiers<\/strong><\/p>\n\n\n\n<p>Ornua ne divulguera pas vos informations personnelles \u00e0 un tiers, sauf dans les cas d\u00e9crits dans la pr\u00e9sente d\u00e9claration ou si vous en avez convenu autrement. Vous reconnaissez et acceptez que dans certaines circonstances, nous pouvons \u00eatre oblig\u00e9s de divulguer vos informations personnelles \u00e0 nos agents et autres prestataires de services tiers qui exercent certaines fonctions en notre nom. Ces tiers ne seront pas autoris\u00e9s par nous \u00e0 utiliser vos informations d\u2019une mani\u00e8re autre que celle pr\u00e9vue. Nous pouvons \u00e9galement \u00eatre oblig\u00e9s de divulguer vos informations personnelles en vertu du droit applicable, de nous conformer \u00e0 une proc\u00e9dure judiciaire ou de faire respecter nos conditions d\u2019utilisation.<\/p>\n\n\n\n<p>Dans certaines circonstances, nous pouvons demander \u00e0 traiter vos informations personnelles \u00e0 des fins de marketing. Si vous ne souhaitez pas que nous le fassions, veuillez cocher la case correspondante sur les formulaires que nous utilisons pour recueillir vos donn\u00e9es ou nous contacter.<\/p>\n\n\n\n<p><strong>Liens vers des sites tiers<\/strong><\/p>\n\n\n\n<p>Vous devez \u00e9galement savoir que lorsque vous vous connectez \u00e0 un autre site web \u00e0 partir de nos Sites, nous n\u2019avons aucun contr\u00f4le sur cet autre site. Par cons\u00e9quent, nous ne pouvons pas garantir que le contr\u00f4leur de ce site web respectera votre vie priv\u00e9e ou la s\u00e9curit\u00e9 de vos donn\u00e9es de la m\u00eame mani\u00e8re qu\u2019Ornua. L\u2019inclusion d\u2019un lien sur un site n\u2019implique pas que nous approuvions le site li\u00e9.<\/p>\n\n\n\n<p><strong>Prot\u00e9ger vos informations<\/strong><br><\/p>\n\n\n\n<p>Nous utilisons des mesures techniques appropri\u00e9es pour prot\u00e9ger les informations que vous nous communiquez. Nonobstant ce qui pr\u00e9c\u00e8de, nous ne pouvons pas garantir la s\u00e9curit\u00e9 des informations que vous transmettez \u00e0 un Site et vous le faites \u00e0 vos propres risques. Si vous avez des raisons de croire que votre interaction avec nous n\u2019est plus s\u00e9curis\u00e9e, veuillez nous signaler imm\u00e9diatement le probl\u00e8me suspect\u00e9<\/p>\n\n\n\n<p><strong>Utilisation des Sites par les enfants<\/strong><\/p>\n\n\n\n<p>Nous ne recueillons pas d\u2019informations sur les personnes \u00e2g\u00e9es de moins de treize ans. Les Sites ne s\u2019adressent qu\u2019aux personnes qui sont autoris\u00e9es \u00e0 partager leurs informations personnelles sans le consentement de leurs parents.<\/p>\n\n\n\n<p><strong>Transfert transfrontalier d\u2019informations<\/strong><\/p>\n\n\n\n<p>Nous pouvons transf\u00e9rer vos informations personnelles vers d\u2019autres pays o\u00f9 nous exer\u00e7ons nos activit\u00e9s aux fins d\u00e9crites ci-dessus. Ces autres pays peuvent avoir des lois sur la protection des donn\u00e9es diff\u00e9rentes de celles de votre pays de r\u00e9sidence. Si un tel transfert a lieu, nous prot\u00e9gerons le transfert, le stockage ou le traitement de ces informations comme d\u00e9crit dans la pr\u00e9sente d\u00e9claration, sauf si les lois applicables l\u2019exigent autrement. En soumettant vos informations personnelles, vous acceptez un tel transfert. Si vous n\u2019\u00eates pas d\u2019accord avec un tel transfert, vous ne devez pas utiliser les Sites.<\/p>\n\n\n\n<p><strong>Collecte d\u2019informations non personnelles et politique en mati\u00e8re de T\u00c9MOINS<\/strong><\/p>\n\n\n\n<p>Vous devez savoir que chaque fois que vous visitez un Site, des informations g\u00e9n\u00e9rales sur votre visite sont automatiquement conserv\u00e9es. Nous utilisons les informations statistiques et autres informations analytiques recueillies sur les navigateurs qui visitent le Site pour nous fournir des informations g\u00e9n\u00e9rales sur le nombre de personnes qui visitent un Site et qui y reviennent, les pages qu\u2019elles visitent, l\u2019endroit o\u00f9 elles se trouvaient avant d\u2019arriver sur un Site et la page et le Site o\u00f9 elles ont quitt\u00e9. Ces informations nous aident \u00e0 surveiller le trafic sur nos Sites, afin que nous puissions g\u00e9rer la capacit\u00e9 et l\u2019efficacit\u00e9 des Sites. Cela nous aide \u00e9galement \u00e0 comprendre quelles parties d\u2019un Site sont les plus populaires et, de mani\u00e8re g\u00e9n\u00e9rale, \u00e0 \u00e9valuer le comportement et les caract\u00e9ristiques des utilisateurs afin de mesurer l\u2019int\u00e9r\u00eat et l\u2019utilisation des diff\u00e9rentes parties des Sites. Ce type d\u2019informations et de donn\u00e9es non personnelles peut \u00eatre collect\u00e9 par le biais du fonctionnement normal de nos serveurs et journaux Internet ainsi que des \u00ab\u2009cookies\u2009\u00bb.<\/p>\n\n\n\n<p>Les t\u00e9moins sont de petits fichiers texte qui sont t\u00e9l\u00e9charg\u00e9s sur un PC ou un autre appareil lorsque l\u2019utilisateur acc\u00e8de \u00e0 certains sites web. Un t\u00e9moin permet \u00e0 un site web de \u00ab\u2009reconna\u00eetre\u2009\u00bb l\u2019appareil de l\u2019utilisateur. Lorsque les utilisateurs visitent \u00e0 nouveau le m\u00eame site web, le navigateur renvoie des t\u00e9moins au site web, ce qui permet \u00e0 ce dernier de reconna\u00eetre l\u2019utilisateur et de se souvenir de certaines choses comme les d\u00e9tails personnalis\u00e9s ou les pr\u00e9f\u00e9rences. En utilisant un Site, vous consentez \u00e0 ce que nous utilisions des t\u00e9moins conform\u00e9ment \u00e0 la pr\u00e9sente d\u00e9claration. Si vous souhaitez emp\u00eacher l\u2019installation de nouveaux t\u00e9moins et supprimer les t\u00e9moins existants, activez la proc\u00e9dure disponible sur la plupart des navigateurs web qui vous permet de refuser ou d\u2019accepter les t\u00e9moins ou n\u2019utilisez pas nos Sites. La proc\u00e9dure exacte d\u00e9pend du navigateur que vous utilisez. Si vous d\u00e9sactivez les t\u00e9moins que nous utilisons, cela peut avoir un impact sur votre exp\u00e9rience d\u2019utilisateur lors de l\u2019utilisation d\u2019un Site.<\/p>\n\n\n\n<p><strong>Clause de non-responsabilit\u00e9<\/strong><\/p>\n\n\n\n<p>Dans les limites autoris\u00e9es par la loi, ni Ornua, ni ses directeurs, employ\u00e9s, pr\u00e9pos\u00e9s et agents, filiales, soci\u00e9t\u00e9s affili\u00e9es ou autres repr\u00e9sentants ne seront responsables des r\u00e9clamations, responsabilit\u00e9s, co\u00fbts, demandes, causes d\u2019action, dommages, pertes, d\u00e9penses (y compris, sans limitation, les frais juridiques raisonnables et les frais de proc\u00e9dure), quelle qu\u2019en soit la cause, en rapport avec votre acc\u00e8s ou votre utilisation des Sites ou avec l\u2019utilisation ou la diffusion d\u2019informations personnelles vous concernant conform\u00e9ment \u00e0 la pr\u00e9sente d\u00e9claration et \u00e0 vos consentements.<\/p>\n\n\n\n<p><strong>Modifications de la pr\u00e9sente d\u00e9claration<\/strong><\/p>\n\n\n\n<p>Ornua se r\u00e9serve le droit, \u00e0 sa seule discr\u00e9tion, de modifier la pr\u00e9sente d\u00e9claration \u00e0 tout moment, et vous devez consulter r\u00e9guli\u00e8rement cette d\u00e9claration pour conna\u00eetre les modifications que nous y apportons.<\/p>\n\n\n\n<p><strong>Droit applicable et juridiction<\/strong><\/p>\n\n\n\n<p>La pr\u00e9sente d\u00e9claration de confidentialit\u00e9 et toutes les questions relatives \u00e0 l\u2019utilisation et au fonctionnement des Sites sont r\u00e9gies par les lois des \u00c9tats-Unis d\u2019Am\u00e9rique et sont soumises \u00e0 la juridiction exclusive des tribunaux am\u00e9ricains.<\/p>\n\n\n\n<p><strong>Questions ou commentaires\u2009?<\/strong><\/p>\n\n\n\n<p>Si vous souhaitez nous contacter pour discuter de toute question relative \u00e0 la pr\u00e9sente d\u00e9claration de confidentialit\u00e9 ou au traitement de vos informations, n\u2019h\u00e9sitez pas \u00e0 nous contacter \u00e0 Ornua Co-operative Limited, Grattan House, Lower Mount Street, Dublin 2 ou par t\u00e9l\u00e9phone au 00 353 1 661 9599.<\/p>\n","protected":false},"excerpt":{"rendered":"<p>D\u00e9claration de confidentialit\u00e9 Objet de la d\u00e9claration de confidentialit\u00e9 Ornua Co-operative Limited et ses filiales (\u00ab\u2009Ornua\u2009\u00bb, \u00ab\u2009nous\u2009\u00bb et \u00ab\u2009notre\u2009\u00bb) respectent votre droit \u00e0 la vie priv\u00e9e en ce qui concerne<\/p>\n","protected":false},"author":1,"featured_media":0,"parent":0,"menu_order":0,"comment_status":"closed","ping_status":"closed","template":"","meta":{"_acf_changed":false,"footnotes":""},"class_list":["post-7605","page","type-page","status-publish","hentry"],"acf":[],"yoast_head":"<!-- This site is optimized with the Yoast SEO plugin v26.5 - https:\/\/yoast.com\/wordpress\/plugins\/seo\/ -->\n<title>POLITIQUE DE CONFIDENTIALIT\u00c9 - Kerrygold<\/title>\n<meta name=\"robots\" content=\"index, follow, max-snippet:-1, max-image-preview:large, max-video-preview:-1\" \/>\n<link rel=\"canonical\" href=\"https:\/\/pre.kerrygold.ca\/fr\/politique-de-confidentialite\/\" \/>\n<meta property=\"og:locale\" content=\"fr_FR\" \/>\n<meta property=\"og:type\" content=\"article\" \/>\n<meta property=\"og:title\" content=\"POLITIQUE DE CONFIDENTIALIT\u00c9 - Kerrygold\" \/>\n<meta property=\"og:description\" content=\"D\u00e9claration de confidentialit\u00e9 Objet de la d\u00e9claration de confidentialit\u00e9 Ornua Co-operative Limited et ses filiales (\u00ab\u2009Ornua\u2009\u00bb, \u00ab\u2009nous\u2009\u00bb et \u00ab\u2009notre\u2009\u00bb) respectent votre droit \u00e0 la vie priv\u00e9e en ce qui concerne\" \/>\n<meta property=\"og:url\" content=\"https:\/\/pre.kerrygold.ca\/fr\/politique-de-confidentialite\/\" \/>\n<meta property=\"og:site_name\" content=\"Kerrygold\" \/>\n<meta property=\"article:modified_time\" content=\"2020-06-23T23:33:10+00:00\" \/>\n<meta name=\"twitter:card\" content=\"summary_large_image\" \/>\n<meta name=\"twitter:label1\" content=\"Est. reading time\" \/>\n\t<meta name=\"twitter:data1\" content=\"9 minutes\" \/>\n<script type=\"application\/ld+json\" class=\"yoast-schema-graph\">{\"@context\":\"https:\/\/schema.org\",\"@graph\":[{\"@type\":\"WebPage\",\"@id\":\"https:\/\/pre.kerrygold.ca\/fr\/politique-de-confidentialite\/\",\"url\":\"https:\/\/pre.kerrygold.ca\/fr\/politique-de-confidentialite\/\",\"name\":\"POLITIQUE DE CONFIDENTIALIT\u00c9 - Kerrygold\",\"isPartOf\":{\"@id\":\"https:\/\/pre.kerrygold.ca\/#website\"},\"datePublished\":\"2020-06-23T23:21:47+00:00\",\"dateModified\":\"2020-06-23T23:33:10+00:00\",\"breadcrumb\":{\"@id\":\"https:\/\/pre.kerrygold.ca\/fr\/politique-de-confidentialite\/#breadcrumb\"},\"inLanguage\":\"fr-FR\",\"potentialAction\":[{\"@type\":\"ReadAction\",\"target\":[\"https:\/\/pre.kerrygold.ca\/fr\/politique-de-confidentialite\/\"]}]},{\"@type\":\"BreadcrumbList\",\"@id\":\"https:\/\/pre.kerrygold.ca\/fr\/politique-de-confidentialite\/#breadcrumb\",\"itemListElement\":[{\"@type\":\"ListItem\",\"position\":1,\"name\":\"Home\",\"item\":\"https:\/\/pre.kerrygold.ca\/fr\/\"},{\"@type\":\"ListItem\",\"position\":2,\"name\":\"POLITIQUE DE CONFIDENTIALIT\u00c9\"}]},{\"@type\":\"WebSite\",\"@id\":\"https:\/\/pre.kerrygold.ca\/#website\",\"url\":\"https:\/\/pre.kerrygold.ca\/\",\"name\":\"Kerrygold\",\"description\":\"\",\"potentialAction\":[{\"@type\":\"SearchAction\",\"target\":{\"@type\":\"EntryPoint\",\"urlTemplate\":\"https:\/\/pre.kerrygold.ca\/?s={search_term_string}\"},\"query-input\":{\"@type\":\"PropertyValueSpecification\",\"valueRequired\":true,\"valueName\":\"search_term_string\"}}],\"inLanguage\":\"fr-FR\"}]}<\/script>\n<!-- \/ Yoast SEO plugin. -->","yoast_head_json":{"title":"POLITIQUE DE CONFIDENTIALIT\u00c9 - Kerrygold","robots":{"index":"index","follow":"follow","max-snippet":"max-snippet:-1","max-image-preview":"max-image-preview:large","max-video-preview":"max-video-preview:-1"},"canonical":"https:\/\/pre.kerrygold.ca\/fr\/politique-de-confidentialite\/","og_locale":"fr_FR","og_type":"article","og_title":"POLITIQUE DE CONFIDENTIALIT\u00c9 - Kerrygold","og_description":"D\u00e9claration de confidentialit\u00e9 Objet de la d\u00e9claration de confidentialit\u00e9 Ornua Co-operative Limited et ses filiales (\u00ab\u2009Ornua\u2009\u00bb, \u00ab\u2009nous\u2009\u00bb et \u00ab\u2009notre\u2009\u00bb) respectent votre droit \u00e0 la vie priv\u00e9e en ce qui concerne","og_url":"https:\/\/pre.kerrygold.ca\/fr\/politique-de-confidentialite\/","og_site_name":"Kerrygold","article_modified_time":"2020-06-23T23:33:10+00:00","twitter_card":"summary_large_image","twitter_misc":{"Est. reading time":"9 minutes"},"schema":{"@context":"https:\/\/schema.org","@graph":[{"@type":"WebPage","@id":"https:\/\/pre.kerrygold.ca\/fr\/politique-de-confidentialite\/","url":"https:\/\/pre.kerrygold.ca\/fr\/politique-de-confidentialite\/","name":"POLITIQUE DE CONFIDENTIALIT\u00c9 - Kerrygold","isPartOf":{"@id":"https:\/\/pre.kerrygold.ca\/#website"},"datePublished":"2020-06-23T23:21:47+00:00","dateModified":"2020-06-23T23:33:10+00:00","breadcrumb":{"@id":"https:\/\/pre.kerrygold.ca\/fr\/politique-de-confidentialite\/#breadcrumb"},"inLanguage":"fr-FR","potentialAction":[{"@type":"ReadAction","target":["https:\/\/pre.kerrygold.ca\/fr\/politique-de-confidentialite\/"]}]},{"@type":"BreadcrumbList","@id":"https:\/\/pre.kerrygold.ca\/fr\/politique-de-confidentialite\/#breadcrumb","itemListElement":[{"@type":"ListItem","position":1,"name":"Home","item":"https:\/\/pre.kerrygold.ca\/fr\/"},{"@type":"ListItem","position":2,"name":"POLITIQUE DE CONFIDENTIALIT\u00c9"}]},{"@type":"WebSite","@id":"https:\/\/pre.kerrygold.ca\/#website","url":"https:\/\/pre.kerrygold.ca\/","name":"Kerrygold","description":"","potentialAction":[{"@type":"SearchAction","target":{"@type":"EntryPoint","urlTemplate":"https:\/\/pre.kerrygold.ca\/?s={search_term_string}"},"query-input":{"@type":"PropertyValueSpecification","valueRequired":true,"valueName":"search_term_string"}}],"inLanguage":"fr-FR"}]}},"_links":{"self":[{"href":"https:\/\/pre.kerrygold.ca\/fr\/wp-json\/wp\/v2\/pages\/7605","targetHints":{"allow":["GET"]}}],"collection":[{"href":"https:\/\/pre.kerrygold.ca\/fr\/wp-json\/wp\/v2\/pages"}],"about":[{"href":"https:\/\/pre.kerrygold.ca\/fr\/wp-json\/wp\/v2\/types\/page"}],"author":[{"embeddable":true,"href":"https:\/\/pre.kerrygold.ca\/fr\/wp-json\/wp\/v2\/users\/1"}],"replies":[{"embeddable":true,"href":"https:\/\/pre.kerrygold.ca\/fr\/wp-json\/wp\/v2\/comments?post=7605"}],"version-history":[{"count":0,"href":"https:\/\/pre.kerrygold.ca\/fr\/wp-json\/wp\/v2\/pages\/7605\/revisions"}],"wp:attachment":[{"href":"https:\/\/pre.kerrygold.ca\/fr\/wp-json\/wp\/v2\/media?parent=7605"}],"curies":[{"name":"wp","href":"https:\/\/api.w.org\/{rel}","templated":true}]}}