{"id":7600,"date":"2020-06-23T22:56:34","date_gmt":"2020-06-23T22:56:34","guid":{"rendered":"https:\/\/pre.kerrygold.ca\/?page_id=7600"},"modified":"2020-06-23T23:42:48","modified_gmt":"2020-06-23T23:42:48","slug":"conditions-generales","status":"publish","type":"page","link":"https:\/\/pre.kerrygold.ca\/fr\/conditions-generales\/","title":{"rendered":"CONDITIONS G\u00c9N\u00c9RALES"},"content":{"rendered":"\n<p><strong>CONDITIONS G\u00c9N\u00c9RALES ET POLITIQUE D\u2019UTILISATION ACCEPTABLE<\/strong><\/p>\n\n\n\n<p><strong>ACCEPTATION DES CONDITIONS<\/strong><\/p>\n\n\n\n<p>Ce site web est exploit\u00e9 par Ornua Co-operative Limited de Grattan House, Mount Street Lower, Dublin 2, Irlande, avec ses filiales et soci\u00e9t\u00e9s affili\u00e9es (\u00ab\u2009Ornua\u2009\u00bb). Votre utilisation de ce site web et de toutes les pages officielles de m\u00e9dias sociaux que nous contr\u00f4lons (le \u00ab\u2009Site\u2009\u00bb) est soumise aux conditions g\u00e9n\u00e9rales \u00e9nonc\u00e9es ci-dessous (\u00ab\u2009Conditions d\u2019utilisation\u2009\u00bb). En acc\u00e9dant au Site et en l\u2019utilisant, vous acceptez d\u2019\u00eatre li\u00e9 par les pr\u00e9sentes conditions d\u2019utilisation. En utilisant le Site, vous acceptez d\u2019avoir l\u2019\u00e2ge l\u00e9gal pour conclure les pr\u00e9sentes Conditions d\u2019utilisation, et si ce n\u2019est pas le cas, vous avez obtenu le consentement de vos parents ou de votre tuteur pour conclure les pr\u00e9sentes Conditions d\u2019utilisation. Vous ne devez pas acc\u00e9der au Site ni l\u2019utiliser sans avoir lu et accept\u00e9 les pr\u00e9sentes Conditions d\u2019utilisation.<\/p>\n\n\n\n<p><strong>AVIS DE DROIT D\u2019AUTEUR<\/strong><\/p>\n\n\n\n<p>Les informations, contenus, logiciels, t\u00e9l\u00e9chargements, interfaces, graphiques, textes, dessins, clips audio et vid\u00e9o, images, boutons, marques commerciales, marques de service, noms commerciaux et logos (les \u00ab\u2009Ressources\u2009\u00bb) contenus sur le Site et le Site lui-m\u00eame sont la propri\u00e9t\u00e9 exclusive d\u2019Ornua, de ses conc\u00e9dants ou fournisseurs de contenus et sont prot\u00e9g\u00e9s par le droit d\u2019auteur, la marque commerciale, le droit des bases de donn\u00e9es, le droit sui generis et d\u2019autres lois sur la propri\u00e9t\u00e9 intellectuelle, en vertu des lois nationales et des trait\u00e9s internationaux. Ornua ou ses conc\u00e9dants de licence (selon le cas) conservent tous les droits, titres, int\u00e9r\u00eats et droits de propri\u00e9t\u00e9 intellectuelle sur les Ressources.<\/p>\n\n\n\n<p>\u00c0 l\u2019exception de ce qui est express\u00e9ment pr\u00e9vu dans les pr\u00e9sentes Conditions d\u2019utilisation, aucune disposition des pr\u00e9sentes Conditions d\u2019utilisation ne doit \u00eatre interpr\u00e9t\u00e9e comme conf\u00e9rant implicitement ou autrement une licence ou un droit en vertu d\u2019un droit d\u2019auteur, d\u2019un brevet, d\u2019une marque commerciale, d\u2019un droit sur une base de donn\u00e9es, d\u2019un droit sui generis ou de tout autre droit de propri\u00e9t\u00e9 intellectuelle ou de propri\u00e9t\u00e9 d\u2019Ornua, de ses conc\u00e9dants ou d\u2019un tiers.<\/p>\n\n\n\n<p>Ornua ne garantit pas que votre utilisation des Ressources sur le Site n\u2019enfreindra pas les droits de tiers.<\/p>\n\n\n\n<p><strong>UTILISATION DES RESSOURCES<\/strong><\/p>\n\n\n\n<p>Vous pouvez acc\u00e9der, partager, copier, t\u00e9l\u00e9charger ou imprimer toute Ressource contenue sur le site pour votre usage personnel et non commercial, \u00e0 condition de ne pas modifier ou supprimer tout copyright, marque commerciale ou autre avis de propri\u00e9t\u00e9 qui appara\u00eet sur cette Ressource. La Ressource vous est fournie sous une licence qui est r\u00e9vocable \u00e0 tout moment \u00e0 la discr\u00e9tion d\u2019Ornua.<\/p>\n\n\n\n<p>Toute autre utilisation des Ressources, produits et services contenus sur ce Site ou en faisant partie, y compris leur modification, distribution, republication, accr\u00e9ditation, extraction, r\u00e9utilisation, incorporation ou int\u00e9gration avec d\u2019autres mat\u00e9riaux, relivraison en utilisant la technologie de cadrage, la cr\u00e9ation de travaux d\u00e9riv\u00e9s ou la revente de ceux-ci, est strictement interdite et constitue une violation des droits de propri\u00e9t\u00e9 d\u2019Ornua.<\/p>\n\n\n\n<p><strong>RESSOURCES PARTAG\u00c9ES PAR VOUS<\/strong><\/p>\n\n\n\n<p>Si vous partagez\/t\u00e9l\u00e9chargez des Ressources avec nous et d\u2019autres utilisateurs du Site, ces documents peuvent devenir accessibles au public.<\/p>\n\n\n\n<p>Par les pr\u00e9sentes, vous accordez \u00e0 Ornua un droit et une licence mondiaux, non exclusifs, transf\u00e9rables, libres de redevances et de compensation, perp\u00e9tuels et irr\u00e9vocables, d\u2019utiliser, de reproduire, de distribuer, d\u2019adapter, de d\u00e9river, de transmettre et d\u2019afficher, publiquement ou non, ces Ressources, sous quelque forme m\u00e9diatique que ce soit, et de conc\u00e9der une sous-licence de ces droits pour les besoins commerciaux d\u2019Ornua.<\/p>\n\n\n\n<p>Si vous partagez\/t\u00e9l\u00e9chargez des id\u00e9es sur le Site, nous ne sommes pas tenus de respecter ces id\u00e9es et pouvons les utiliser \u00e0 quelque fin que ce soit. Vous renoncez \u00e0 tout droit moral ou autre dans les documents que vous soumettez sur le Site.<\/p>\n\n\n\n<p>Vous \u00eates responsable de la l\u00e9galit\u00e9, de la fiabilit\u00e9, de la pertinence, de l\u2019originalit\u00e9 et des droits d\u2019auteur de ces Ressources.<\/p>\n\n\n\n<p>Vous acceptez que vous ayez le droit de partager ces Ressources \u00e0 travers le Site, ces Ressources sont conformes \u00e0 toutes les lois applicables, n\u2019enfreignent pas les droits d\u2019une tierce partie et ne sont pas ill\u00e9gales, frauduleuses, exclusives, fausses, diffamatoires, obsc\u00e8nes, offensantes ou confidentielles.<\/p>\n\n\n\n<p><strong>CONDUITE SUR LE SITE<\/strong><\/p>\n\n\n\n<p>Votre utilisation du Site doit \u00e0 tout moment \u00eatre conforme aux lois, r\u00e8gles et r\u00e9glementations applicables.<\/p>\n\n\n\n<p>Vous n\u2019utiliserez pas le Site ou ne partagerez pas ou ne t\u00e9l\u00e9chargerez pas des Ressources ou de programmes informatiques sur le Site d\u2019une mani\u00e8re malveillante ou technologiquement nuisible, qui pourrait endommager, d\u00e9sactiver, surcharger ou d\u00e9t\u00e9riorer le Site ou les installations ou services qui y sont disponibles ou interf\u00e9rer avec l\u2019utilisation du site, de ses installations ou services par une autre partie.<\/p>\n\n\n\n<p>Vous n\u2019utiliserez pas le Site pour transmettre ou faire envoyer des documents publicitaires ou promotionnels non sollicit\u00e9s ou non autoris\u00e9s ou toute autre forme de sollicitation similaire (courriel non sollicit\u00e9).<\/p>\n\n\n\n<p>Vous ne pouvez pas tenter d\u2019acc\u00e9der sans autorisation au Site, \u00e0 ses installations ou services ou \u00e0 tout compte, syst\u00e8me informatique et r\u00e9seau connect\u00e9 au Site ou \u00e0 tout autre Site exploit\u00e9 par Ornua par le biais du piratage, de l\u2019extraction de mots de passe ou de tout autre moyen. Vous ne devez pas attaquer le Site par le biais d\u2019une attaque par d\u00e9ni de service.<\/p>\n\n\n\n<p>Vous acceptez de ne pas utiliser le Site pour r\u00e9colter ou autrement collecter par quelque moyen que ce soit tout mat\u00e9riel de programme ou toute information que ce soit (y compris, sans limitation, les adresses \u00e9lectroniques ou autres d\u00e9tails personnels des autres utilisateurs).<\/p>\n\n\n\n<p><strong>LIENS VERS DES SITES TIERS<\/strong><\/p>\n\n\n\n<p>Ce Site contient des liens vers des sites web de tiers. Votre utilisation des sites web de tiers est soumise aux conditions d\u2019utilisation contenues dans chacun de ces sites et n\u2019est pas soumise aux pr\u00e9sentes Conditions d\u2019utilisation. L\u2019acc\u00e8s \u00e0 tout autre site web par l\u2019interm\u00e9diaire du Site se fait \u00e0 vos propres risques. Nous ne sommes pas responsables de l\u2019exactitude des informations, des donn\u00e9es, des opinions ou des d\u00e9clarations faites sur les sites web de tiers ou de la s\u00e9curit\u00e9 de tout lien ou communication avec les sites web de tiers. Ornua se r\u00e9serve le droit de supprimer \u00e0 tout moment un lien vers les sites web de tiers. Ornua fournit des liens vers des sites web de tiers pour votre commodit\u00e9 et le fait qu\u2019Ornua fournisse de tels liens ne signifie pas qu\u2019Ornua commandite, approuve ou autorise ces sites web.<\/p>\n\n\n\n<p><strong>CLAUSE DE NON-RESPONSABILIT\u00c9<\/strong><\/p>\n\n\n\n<p>Toute utilisation du Site est \u00e0 vos propres risques. Vous assumez l\u2019enti\u00e8re responsabilit\u00e9 et tous les risques de perte r\u00e9sultant du t\u00e9l\u00e9chargement, du chargement ou de l\u2019utilisation des installations, services ou Ressources fournis sur le Site, ou de toute autre information obtenue lors de votre utilisation du Site. Vous acceptez qu\u2019Ornua ne soit pas responsable des dommages r\u00e9sultant de votre utilisation ou de votre incapacit\u00e9 \u00e0 utiliser le Site, et vous renoncez par les pr\u00e9sentes \u00e0 toute r\u00e9clamation \u00e0 cet \u00e9gard, qu\u2019elle soit fond\u00e9e sur un contrat, un d\u00e9lit civil ou autre.<\/p>\n\n\n\n<p>Ce Site est accessible \u00e0 tous les utilisateurs \u00ab\u2009en l\u2019\u00e9tat\u2009\u00bb. Ornua ne fait aucune d\u00e9claration, garantie ou engagement que le Site, ou le serveur qui le rend disponible, sera exempt de d\u00e9fauts, y compris, mais sans s\u2019y limiter, de virus ou d\u2019autres \u00e9l\u00e9ments nuisibles. Ornua d\u00e9cline toute responsabilit\u00e9 en cas d\u2019infection par un virus informatique, un bogue, une alt\u00e9ration, un acc\u00e8s, une intervention, une modification ou une utilisation non autoris\u00e9s, une fraude, un vol, une d\u00e9faillance technique, une erreur, une omission, une interruption, une suppression, un d\u00e9faut, un retard ou tout autre \u00e9v\u00e9nement ou circonstance \u00e9chappant au contr\u00f4le d\u2019Ornua, qui corrompt ou affecte l\u2019administration, la s\u00e9curit\u00e9, l\u2019\u00e9quit\u00e9 et l\u2019int\u00e9grit\u00e9 ou la bonne conduite de tout aspect du Site. Ornua ne fait aucune d\u00e9claration, condition, garantie ou engagement concernant les installations, les services ou les Ressources du Site, qu\u2019ils soient explicites ou implicites, y compris, mais sans s\u2019y limiter, leur exactitude, leur exhaustivit\u00e9 ou leur commercialit\u00e9, leur qualit\u00e9 ou leur ad\u00e9quation \u00e0 un usage particulier.<\/p>\n\n\n\n<p>Vous devez noter que les pages contenues dans le Site peuvent contenir des inexactitudes techniques et des erreurs typographiques. Les informations contenues dans le Site peuvent \u00e9galement \u00eatre mises \u00e0 jour de temps \u00e0 autre, mais nous n\u2019acceptons aucune responsabilit\u00e9 quant \u00e0 la mise \u00e0 jour des informations contenues dans ces pages et excluons toute responsabilit\u00e9 en cas de manquement \u00e0 cette obligation. Vous devez \u00e9galement noter qu\u2019il existe certains risques inh\u00e9rents \u00e0 l\u2019utilisation d\u2019Internet et du Web. En acc\u00e9dant au Site et en l\u2019utilisant, vous indiquez que vous comprenez que votre utilisation et l\u2019utilisation en g\u00e9n\u00e9ral du Site ne peuvent \u00eatre garanties sans interf\u00e9rence de tiers ou qu\u2019elles restent priv\u00e9es et confidentielles.<\/p>\n\n\n\n<p><strong>DISPONIBILIT\u00c9<\/strong><\/p>\n\n\n\n<p>Bien qu\u2019Ornua s\u2019efforce d\u2019assurer la disponibilit\u00e9 du Site \u00e0 tout moment, il peut arriver que le Site soit interrompu, par exemple pour permettre des op\u00e9rations de maintenance, des mises \u00e0 niveau et des r\u00e9parations d\u2019urgence, ou en raison d\u2019une d\u00e9faillance des liaisons et des \u00e9quipements de t\u00e9l\u00e9communications qui \u00e9chappent \u00e0 notre contr\u00f4le. Vous acceptez qu\u2019Ornua ne soit pas responsable envers vous ou envers un tiers de toute perte que vous pourriez subir \u00e0 la suite de l\u2019interruption, la modification, la suspension ou la suppression du Site, qu\u2019elle ait \u00e9t\u00e9 justifi\u00e9e ou non, qu\u2019elle ait \u00e9t\u00e9 n\u00e9gligente ou intentionnelle, qu\u2019elle ait \u00e9t\u00e9 caus\u00e9e par inadvertance ou par hasard.<\/p>\n\n\n\n<p><strong>LIMITATION DE RESPONSABILIT\u00c9<\/strong><\/p>\n\n\n\n<p>Dans toute la mesure permise par la loi applicable, ni Ornua ni aucun de ses responsables ou autres repr\u00e9sentants ne seront responsables des pertes ou des dommages r\u00e9sultant de ou en relation avec votre utilisation, votre incapacit\u00e9 \u00e0 utiliser ou votre confiance dans les installations, les services ou les Ressources offerts par le biais ou \u00e0 partir du Site, y compris, mais sans s\u2019y limiter, les pertes directes, les pertes de donn\u00e9es, arr\u00eat de travail, panne ou mauvais fonctionnement d\u2019un ordinateur, interruption d\u2019activit\u00e9, perte de revenus, de b\u00e9n\u00e9fices ou d\u2019occasions, perte ou dommages mat\u00e9riels et revendications de tiers ou pour toute perte indirecte ou cons\u00e9cutive quelle qu\u2019elle soit, m\u00eame si Ornua a \u00e9t\u00e9 inform\u00e9e de la possibilit\u00e9 de ces pertes ou dommages, ou si ces pertes ou dommages \u00e9taient raisonnablement pr\u00e9visibles.<\/p>\n\n\n\n<p>En aucun cas Ornua, ni aucun de ses dirigeants ou autres repr\u00e9sentants n\u2019assument aucune responsabilit\u00e9 pour les dommages, quels qu\u2019ils soient, r\u00e9sultant de la conduite d\u2019un tiers sur ou en relation avec le Site des Ressources partag\u00e9es ou t\u00e9l\u00e9charg\u00e9es par un tiers sur le Site.<\/p>\n\n\n\n<p><strong>INDEMNIT\u00c9<\/strong><\/p>\n\n\n\n<p>Vous acceptez de d\u00e9fendre, d\u2019indemniser et de d\u00e9gager Ornua et (le cas \u00e9ch\u00e9ant) ses employ\u00e9s, agents, fournisseurs et tout autre fournisseur de services d\u2019information tiers ou autre repr\u00e9sentant de toute responsabilit\u00e9 contre toute demande d\u2019indemnisation, perte, d\u00e9pense, dommage et frais, y compris les frais de justice, r\u00e9sultant toutefois d\u2019une violation ou d\u2019un manquement de votre part aux pr\u00e9sentes conditions d\u2019utilisation, de toute r\u00e9clamation faite par un tiers ou de toute responsabilit\u00e9 envers un tiers r\u00e9sultant d\u2019activit\u00e9s li\u00e9es \u00e0 votre utilisation ou \u00e0 votre mauvais usage du site ou de toute all\u00e9gation selon laquelle toutes les Ressources que vous mettez \u00e0 disposition ou cr\u00e9ez par l\u2019interm\u00e9diaire du Site enfreignent les droits de propri\u00e9t\u00e9 intellectuelle d\u2019un tiers.<\/p>\n\n\n\n<p><strong>SUSPENSION\/CESSATION\/AUTRES ACTIONS EN JUSTICE<\/strong><\/p>\n\n\n\n<p>Le non-respect des pr\u00e9sentes Conditions d\u2019utilisation peut nous amener \u00e0 prendre l\u2019une ou l\u2019autre des mesures suivantes :<\/p>\n\n\n\n<ul class=\"wp-block-list\"><li>Le non-respect des pr\u00e9sentes Conditions d\u2019utilisation peut nous amener \u00e0 prendre l\u2019une ou l\u2019autre des mesures suivantes :<\/li><li>Retrait imm\u00e9diat, temporaire ou permanent de votre droit d\u2019utiliser le Site.<\/li><li>Suppression imm\u00e9diate, temporaire ou permanente de tout affichage ou Ressource que vous avez t\u00e9l\u00e9charg\u00e9 sur notre Site.<\/li><li>Une action en justice contre vous pour le remboursement de tous les co\u00fbts sur une base d\u2019indemnisation r\u00e9sultant de la violation.<\/li><li>La divulgation de ces informations aux autorit\u00e9s charg\u00e9es de l\u2019application de la loi si nous estimons raisonnablement que cela est n\u00e9cessaire.<\/li><\/ul>\n\n\n\n<p>Toute disposition des pr\u00e9sentes conditions d\u2019utilisation qui, express\u00e9ment ou implicitement, est destin\u00e9e \u00e0 entrer ou \u00e0 rester en vigueur au moment de la r\u00e9siliation des pr\u00e9sentes Conditions d\u2019utilisation ou apr\u00e8s celle-ci, survivra \u00e0 l\u2019expiration ou \u00e0 la r\u00e9siliation des pr\u00e9sentes Conditions d\u2019utilisation.<\/p>\n\n\n\n<p><strong>POLITIQUE DE CONFIDENTIALIT\u00c9<\/strong><br><\/p>\n\n\n\n<p>Ornua respecte et prot\u00e8ge la vie priv\u00e9e des personnes qui acc\u00e8dent au site et utilisent ses installations ou services. Pour obtenir tous les d\u00e9tails sur la mani\u00e8re dont Ornua et le Site utilisent les t\u00e9moins, le type d\u2019informations que nous recueillons, la mani\u00e8re dont nous les utilisons et les circonstances dans lesquelles nous divulguons des informations, veuillez lire notre Politique de confidentialit\u00e9 qui est int\u00e9gr\u00e9e aux pr\u00e9sentes Conditions d\u2019utilisation et en fait partie.<\/p>\n\n\n\n<p><strong>MODIFICATIONS DES CONDITIONS D\u2019UTILISATION<\/strong><\/p>\n\n\n\n<p>Dans la plus grande mesure permise par la loi applicable, Ornua se r\u00e9serve le droit, sans pr\u00e9avis, de modifier le contenu, les services, la pr\u00e9sentation, les performances, les installations ou la disponibilit\u00e9 de toute partie des Ressources ou du Site \u00e0 notre seule discr\u00e9tion, y compris les pr\u00e9sentes Conditions d\u2019utilisation de temps \u00e0 autre.<\/p>\n\n\n\n<p><strong>JURIDICTION ET DROIT APPLICABLE<\/strong><\/p>\n\n\n\n<p>Les pr\u00e9sentes Conditions d\u2019utilisation sont r\u00e9gies par les lois des \u00c9tats-Unis d\u2019Am\u00e9rique et vous vous soumettez \u00e0 la juridiction exclusive des tribunaux am\u00e9ricains.<\/p>\n\n\n\n<p><strong>DISPOSITIONS DIVERSES<\/strong><\/p>\n\n\n\n<p>Toute renonciation \u00e0 une disposition des pr\u00e9sentes Conditions d\u2019utilisation doit \u00eatre faite par \u00e9crit et sign\u00e9e par Ornua pour \u00eatre valable. Toute renonciation \u00e0 une disposition quelconque des pr\u00e9sentes ne peut \u00eatre interpr\u00e9t\u00e9e comme une renonciation \u00e0 une autre disposition ou comme une renonciation permanente \u00e0 une disposition quelconque dans l\u2019avenir. Si un tribunal comp\u00e9tent juge qu\u2019une disposition des pr\u00e9sentes Conditions d\u2019utilisation est nulle ou inapplicable pour quelque raison que ce soit, cette disposition sera alors sans effet dans la mesure o\u00f9 le tribunal juge que la validit\u00e9 et l\u2019applicabilit\u00e9 des autres dispositions sont concern\u00e9es. Les pr\u00e9sentes Conditions d\u2019utilisation et la Politique de confidentialit\u00e9 repr\u00e9sentent l\u2019int\u00e9gralit\u00e9 de l\u2019accord et de l\u2019entente entre vous et Ornua concernant l\u2019utilisation du Site, de ses installations ou de ses services et remplacent toute d\u00e9claration, entente et accord ant\u00e9rieurs, qu\u2019ils soient oraux ou \u00e9crits, et ne peuvent \u00eatre modifi\u00e9es que par \u00e9crit, sign\u00e9 par vous et par Ornua.<\/p>\n\n\n\n<p><strong>QUESTIONS OU COMMENTAIRES\u2009?<\/strong><\/p>\n\n\n\n<p><br>Si vous souhaitez nous contacter pour discuter de toute question relative \u00e0 ces conditions d\u2019utilisation, n\u2019h\u00e9sitez pas \u00e0 nous contacter \u00e0 Ornua Co-operative Limited, Grattan House, Lower Mount Street, Dublin 2 ou par t\u00e9l\u00e9phone au 00 353 1 661 9599<br><\/p>\n","protected":false},"excerpt":{"rendered":"<p>CONDITIONS G\u00c9N\u00c9RALES ET POLITIQUE D\u2019UTILISATION ACCEPTABLE ACCEPTATION DES CONDITIONS Ce site web est exploit\u00e9 par Ornua Co-operative Limited de Grattan House, Mount Street Lower, Dublin 2, Irlande, avec ses filiales<\/p>\n","protected":false},"author":1,"featured_media":0,"parent":0,"menu_order":0,"comment_status":"closed","ping_status":"closed","template":"","meta":{"_acf_changed":false,"footnotes":""},"class_list":["post-7600","page","type-page","status-publish","hentry"],"acf":[],"yoast_head":"<!-- This site is optimized with the Yoast SEO plugin v26.5 - https:\/\/yoast.com\/wordpress\/plugins\/seo\/ -->\n<title>CONDITIONS G\u00c9N\u00c9RALES - Kerrygold<\/title>\n<meta name=\"robots\" content=\"index, follow, max-snippet:-1, max-image-preview:large, max-video-preview:-1\" \/>\n<link rel=\"canonical\" href=\"https:\/\/pre.kerrygold.ca\/fr\/conditions-generales\/\" \/>\n<meta property=\"og:locale\" content=\"fr_FR\" \/>\n<meta property=\"og:type\" content=\"article\" \/>\n<meta property=\"og:title\" content=\"CONDITIONS G\u00c9N\u00c9RALES - Kerrygold\" \/>\n<meta property=\"og:description\" content=\"CONDITIONS G\u00c9N\u00c9RALES ET POLITIQUE D\u2019UTILISATION ACCEPTABLE ACCEPTATION DES CONDITIONS Ce site web est exploit\u00e9 par Ornua Co-operative Limited de Grattan House, Mount Street Lower, Dublin 2, Irlande, avec ses filiales\" \/>\n<meta property=\"og:url\" content=\"https:\/\/pre.kerrygold.ca\/fr\/conditions-generales\/\" \/>\n<meta property=\"og:site_name\" content=\"Kerrygold\" \/>\n<meta property=\"article:modified_time\" content=\"2020-06-23T23:42:48+00:00\" \/>\n<meta name=\"twitter:card\" content=\"summary_large_image\" \/>\n<meta name=\"twitter:label1\" content=\"Est. reading time\" \/>\n\t<meta name=\"twitter:data1\" content=\"13 minutes\" \/>\n<script type=\"application\/ld+json\" class=\"yoast-schema-graph\">{\"@context\":\"https:\/\/schema.org\",\"@graph\":[{\"@type\":\"WebPage\",\"@id\":\"https:\/\/pre.kerrygold.ca\/fr\/conditions-generales\/\",\"url\":\"https:\/\/pre.kerrygold.ca\/fr\/conditions-generales\/\",\"name\":\"CONDITIONS G\u00c9N\u00c9RALES - Kerrygold\",\"isPartOf\":{\"@id\":\"https:\/\/pre.kerrygold.ca\/#website\"},\"datePublished\":\"2020-06-23T22:56:34+00:00\",\"dateModified\":\"2020-06-23T23:42:48+00:00\",\"breadcrumb\":{\"@id\":\"https:\/\/pre.kerrygold.ca\/fr\/conditions-generales\/#breadcrumb\"},\"inLanguage\":\"fr-FR\",\"potentialAction\":[{\"@type\":\"ReadAction\",\"target\":[\"https:\/\/pre.kerrygold.ca\/fr\/conditions-generales\/\"]}]},{\"@type\":\"BreadcrumbList\",\"@id\":\"https:\/\/pre.kerrygold.ca\/fr\/conditions-generales\/#breadcrumb\",\"itemListElement\":[{\"@type\":\"ListItem\",\"position\":1,\"name\":\"Home\",\"item\":\"https:\/\/pre.kerrygold.ca\/fr\/\"},{\"@type\":\"ListItem\",\"position\":2,\"name\":\"CONDITIONS G\u00c9N\u00c9RALES\"}]},{\"@type\":\"WebSite\",\"@id\":\"https:\/\/pre.kerrygold.ca\/#website\",\"url\":\"https:\/\/pre.kerrygold.ca\/\",\"name\":\"Kerrygold\",\"description\":\"\",\"potentialAction\":[{\"@type\":\"SearchAction\",\"target\":{\"@type\":\"EntryPoint\",\"urlTemplate\":\"https:\/\/pre.kerrygold.ca\/?s={search_term_string}\"},\"query-input\":{\"@type\":\"PropertyValueSpecification\",\"valueRequired\":true,\"valueName\":\"search_term_string\"}}],\"inLanguage\":\"fr-FR\"}]}<\/script>\n<!-- \/ Yoast SEO plugin. -->","yoast_head_json":{"title":"CONDITIONS G\u00c9N\u00c9RALES - Kerrygold","robots":{"index":"index","follow":"follow","max-snippet":"max-snippet:-1","max-image-preview":"max-image-preview:large","max-video-preview":"max-video-preview:-1"},"canonical":"https:\/\/pre.kerrygold.ca\/fr\/conditions-generales\/","og_locale":"fr_FR","og_type":"article","og_title":"CONDITIONS G\u00c9N\u00c9RALES - Kerrygold","og_description":"CONDITIONS G\u00c9N\u00c9RALES ET POLITIQUE D\u2019UTILISATION ACCEPTABLE ACCEPTATION DES CONDITIONS Ce site web est exploit\u00e9 par Ornua Co-operative Limited de Grattan House, Mount Street Lower, Dublin 2, Irlande, avec ses filiales","og_url":"https:\/\/pre.kerrygold.ca\/fr\/conditions-generales\/","og_site_name":"Kerrygold","article_modified_time":"2020-06-23T23:42:48+00:00","twitter_card":"summary_large_image","twitter_misc":{"Est. reading time":"13 minutes"},"schema":{"@context":"https:\/\/schema.org","@graph":[{"@type":"WebPage","@id":"https:\/\/pre.kerrygold.ca\/fr\/conditions-generales\/","url":"https:\/\/pre.kerrygold.ca\/fr\/conditions-generales\/","name":"CONDITIONS G\u00c9N\u00c9RALES - Kerrygold","isPartOf":{"@id":"https:\/\/pre.kerrygold.ca\/#website"},"datePublished":"2020-06-23T22:56:34+00:00","dateModified":"2020-06-23T23:42:48+00:00","breadcrumb":{"@id":"https:\/\/pre.kerrygold.ca\/fr\/conditions-generales\/#breadcrumb"},"inLanguage":"fr-FR","potentialAction":[{"@type":"ReadAction","target":["https:\/\/pre.kerrygold.ca\/fr\/conditions-generales\/"]}]},{"@type":"BreadcrumbList","@id":"https:\/\/pre.kerrygold.ca\/fr\/conditions-generales\/#breadcrumb","itemListElement":[{"@type":"ListItem","position":1,"name":"Home","item":"https:\/\/pre.kerrygold.ca\/fr\/"},{"@type":"ListItem","position":2,"name":"CONDITIONS G\u00c9N\u00c9RALES"}]},{"@type":"WebSite","@id":"https:\/\/pre.kerrygold.ca\/#website","url":"https:\/\/pre.kerrygold.ca\/","name":"Kerrygold","description":"","potentialAction":[{"@type":"SearchAction","target":{"@type":"EntryPoint","urlTemplate":"https:\/\/pre.kerrygold.ca\/?s={search_term_string}"},"query-input":{"@type":"PropertyValueSpecification","valueRequired":true,"valueName":"search_term_string"}}],"inLanguage":"fr-FR"}]}},"_links":{"self":[{"href":"https:\/\/pre.kerrygold.ca\/fr\/wp-json\/wp\/v2\/pages\/7600","targetHints":{"allow":["GET"]}}],"collection":[{"href":"https:\/\/pre.kerrygold.ca\/fr\/wp-json\/wp\/v2\/pages"}],"about":[{"href":"https:\/\/pre.kerrygold.ca\/fr\/wp-json\/wp\/v2\/types\/page"}],"author":[{"embeddable":true,"href":"https:\/\/pre.kerrygold.ca\/fr\/wp-json\/wp\/v2\/users\/1"}],"replies":[{"embeddable":true,"href":"https:\/\/pre.kerrygold.ca\/fr\/wp-json\/wp\/v2\/comments?post=7600"}],"version-history":[{"count":0,"href":"https:\/\/pre.kerrygold.ca\/fr\/wp-json\/wp\/v2\/pages\/7600\/revisions"}],"wp:attachment":[{"href":"https:\/\/pre.kerrygold.ca\/fr\/wp-json\/wp\/v2\/media?parent=7600"}],"curies":[{"name":"wp","href":"https:\/\/api.w.org\/{rel}","templated":true}]}}